{"id":24097,"date":"2026-03-05T12:37:25","date_gmt":"2026-03-05T11:37:25","guid":{"rendered":"https:\/\/www.fuso-trucks.ch\/services\/vehicules-en-stock\/"},"modified":"2026-03-05T13:31:51","modified_gmt":"2026-03-05T12:31:51","slug":"vehicules-en-stock","status":"publish","type":"page","link":"https:\/\/www.fuso-trucks.ch\/fr\/services\/vehicules-en-stock\/","title":{"rendered":"V\u00c9HICULES EN STOCK"},"content":{"rendered":"<div class=\"wpb-content-wrapper\"><p>[vc_row][vc_column][vc_column_text css=&#8221;&#8221;]<\/p>\n<h2 style=\"text-align: center;\">READY TO WORK<\/h2>\n<p style=\"text-align: center;\"><span style=\"font-weight: 400;\">Profite d\u00e8s maintenant d\u2019une multitude de v\u00e9hicules en stock \u00e0 des conditions attrayantes. Par exemple:<\/span><\/p>\n<p>[\/vc_column_text][\/vc_column][\/vc_row][vc_row][vc_column]\n                <div class=\"fusoeurope-text-image wpb_content_element bg--grey item--image--right \" >\n                    <div class=\"item item--image\">\n                        <img decoding=\"async\" class=\"layout-cover\" src=\"https:\/\/www.fuso-trucks.ch\/wp-content\/uploads\/sites\/7\/2026\/03\/1.jpg\" alt=\"\" \/>\n                    <\/div>\n                    <div class=\"item item--text wpb_text_column\">\n                        <p><b>Canter 3S15<\/b><\/p>\n<p>&nbsp;<\/p>\n<ul>\n<li style=\"font-weight: 400;\" aria-level=\"1\"><span style=\"font-weight: 400;\">Ch\u00e2ssis 3,5\u00a0tonnes pour superstructure individuelle<\/span><\/li>\n<li style=\"font-weight: 400;\" aria-level=\"1\"><span style=\"font-weight: 400;\">5 ans de garantie inclus*<\/span><\/li>\n<li style=\"font-weight: 400;\" aria-level=\"1\">Prix: CHF\u00a036\u00a0200 hors TVA (plus forfait de livraison)<\/li>\n<\/ul>\n\n                        <div class=\"link-container link-as-button\">\n                            <a href=\"https:\/\/www.swisstruck.ch\/surf_detail.php?occasion=DTCH10536_2825172&#038;key=f1df3cadcb76d0dfea50f0cc966e456d\" class=\"read_more_link\">En savoir plus<\/a>\n                        <\/div>\n                    <\/div>\n                <\/div>[\/vc_column][\/vc_row][vc_row][vc_column]\n                <div class=\"fusoeurope-text-image wpb_content_element bg--grey item--image--left \" >\n                    <div class=\"item item--image\">\n                        <img decoding=\"async\" class=\"layout-cover\" src=\"https:\/\/www.fuso-trucks.ch\/wp-content\/uploads\/sites\/7\/2026\/03\/2-1400x1050.jpg\" alt=\"\" \/>\n                    <\/div>\n                    <div class=\"item item--text wpb_text_column\">\n                        <p><b>Canter 3C15<\/b><\/p>\n<p>&nbsp;<\/p>\n<ul>\n<li style=\"font-weight: 400;\" aria-level=\"1\"><span style=\"font-weight: 400;\">Avec ch\u00e2ssis<\/span><\/li>\n<li style=\"font-weight: 400;\" aria-level=\"1\"><span style=\"font-weight: 400;\">5 ans de garantie inclus*<\/span><\/li>\n<li style=\"font-weight: 400;\" aria-level=\"1\"><span style=\"font-weight: 400;\">Prix: CHF\u00a036\u00a0700 hors TVA (plus forfait de livraison)<\/span><\/li>\n<\/ul>\n\n                        <div class=\"link-container link-as-button\">\n                            <a href=\"https:\/\/www.swisstruck.ch\/surf_detail.php?from_search=1&#038;occasion=DTCH10536_2765683\" class=\"read_more_link\">En savoir plus<\/a>\n                        <\/div>\n                    <\/div>\n                <\/div>[\/vc_column][\/vc_row][vc_row][vc_column]\n                <div class=\"fusoeurope-text-image wpb_content_element bg--grey item--image--right \" >\n                    <div class=\"item item--image\">\n                        <img decoding=\"async\" class=\"layout-cover\" src=\"https:\/\/www.fuso-trucks.ch\/wp-content\/uploads\/sites\/7\/2026\/03\/3.jpg\" alt=\"\" \/>\n                    <\/div>\n                    <div class=\"item item--text wpb_text_column\">\n                        <p><b>Canter 3C15<\/b><\/p>\n<p>&nbsp;<\/p>\n<ul>\n<li style=\"font-weight: 400;\" aria-level=\"1\"><span style=\"font-weight: 400;\">Avec tribenne de fabrication suisse<\/span><\/li>\n<li style=\"font-weight: 400;\" aria-level=\"1\"><span style=\"font-weight: 400;\">5 ans de garantie inclus*\u00a0<\/span><\/li>\n<li style=\"font-weight: 400;\" aria-level=\"1\"><span style=\"font-weight: 400;\">Prix: CHF\u00a049\u00a0900 hors TVA (plus forfait de livraison)<\/span><\/li>\n<\/ul>\n\n                        <div class=\"link-container link-as-button\">\n                            <a href=\"https:\/\/www.swisstruck.ch\/surf_detail.php?from_search=1&#038;occasion=DTCH10536_2800621\" class=\"read_more_link\">En savoir plus<\/a>\n                        <\/div>\n                    <\/div>\n                <\/div>[\/vc_column][\/vc_row][vc_row][vc_column]\n                <div class=\"fusoeurope-text-image wpb_content_element bg--grey item--image--left \" >\n                    <div class=\"item item--image\">\n                        <img decoding=\"async\" class=\"layout-cover\" src=\"https:\/\/www.fuso-trucks.ch\/wp-content\/uploads\/sites\/7\/2026\/03\/4-1400x1050.jpg\" alt=\"\" \/>\n                    <\/div>\n                    <div class=\"item item--text wpb_text_column\">\n                        <p><b>eCanter 9C18e<\/b><span style=\"font-weight: 400;\"><br \/>\n<\/span><\/p>\n<p>&nbsp;<\/p>\n<ul>\n<li style=\"font-weight: 400;\" aria-level=\"1\"><span style=\"font-weight: 400;\">Avec benne \u00e0 d\u00e9pose (dispositif d\u2019accrochage K-3.5 MOBAS), une capacit\u00e9 de levage\/benne de 5000\u00a0kg, un angle de basculement de 46\u00a0degr\u00e9s et commande cabine<\/span><\/li>\n<li style=\"font-weight: 400;\" aria-level=\"1\"><span style=\"font-weight: 400;\">Prix: CHF\u00a079\u00a0000 hors TVA (plus forfait de livraison)<\/span><\/li>\n<\/ul>\n\n                        <div class=\"link-container link-as-button\">\n                            <a href=\"https:\/\/www.swisstruck.ch\/surf_detail.php?from_search=1&#038;occasion=DTCH10536_2765683\" class=\"read_more_link\">En savoir plus<\/a>\n                        <\/div>\n                    <\/div>\n                <\/div>[\/vc_column][\/vc_row][vc_row][vc_column]\n                <div class=\"fusoeurope-text-image wpb_content_element bg--grey item--image--right \" >\n                    <div class=\"item item--image\">\n                        <img decoding=\"async\" class=\"layout-cover\" src=\"https:\/\/www.fuso-trucks.ch\/wp-content\/uploads\/sites\/7\/2026\/03\/5-1400x1050.jpg\" alt=\"\" \/>\n                    <\/div>\n                    <div class=\"item item--text wpb_text_column\">\n                        <p><b>eCanter 9C18e<\/b><\/p>\n<p>&nbsp;<\/p>\n<ul>\n<li style=\"font-weight: 400;\" aria-level=\"1\"><span style=\"font-weight: 400;\">Superstructure frigorifique CoolerBox2.0 Maxi FD, dimensions int\u00e9rieures L\u00a05200\u00a0\u00d7\u00a0l\u00a02220\u00a0\u00d7\u00a0H\u00a01920\u00a0mm<\/span><\/li>\n<li style=\"font-weight: 400;\" aria-level=\"1\"><span style=\"font-weight: 400;\">Prix: CHF\u00a0119\u00a0000 hors TVA (plus forfait de livraison)<\/span><\/li>\n<\/ul>\n\n                        <div class=\"link-container link-as-button\">\n                            <a href=\"https:\/\/www.swisstruck.ch\/surf_detail.php?from_search=1&#038;occasion=DTCH10536_2825032\" class=\"read_more_link\">En savoir plus<\/a>\n                        <\/div>\n                    <\/div>\n                <\/div>[\/vc_column][\/vc_row][vc_row][vc_column][vc_column_text css=&#8221;&#8221;]<i><span style=\"font-weight: 400;\">* <a href=\"https:\/\/www.fuso-trucks.ch\/fr\/services\/garantie\/\">5 ans de garantie<\/a><\/span><\/i>[\/vc_column_text][\/vc_column][\/vc_row][vc_row][vc_column]\n                <div class=\"fusoeurope-text-image wpb_content_element  item--image--top \" >\n                    <div class=\"item item--text wpb_text_column\">\n                        <h4 style=\"text-align: center;\"><strong>Nous avons \u00e9veill\u00e9 votre int\u00e9r\u00eat?<br \/>\nContactez un partenaire FUSO de votre choix:<\/strong><\/h4>\n\n                        <div class=\"link-container link-as-button\">\n                            <a href=\"https:\/\/www.fuso-trucks.ch\/fr\/distributeurs\/\" class=\"read_more_button\">Rechercher un revendeur<\/a>\n                        <\/div>\n                    <\/div>\n                <\/div>[\/vc_column][\/vc_row]<\/p>\n<\/div>","protected":false},"excerpt":{"rendered":"<\/p>\n","protected":false},"author":41,"featured_media":0,"parent":21137,"menu_order":0,"comment_status":"closed","ping_status":"closed","template":"templates\/template-default-hero.php","meta":{"_acf_changed":false,"footnotes":""},"class_list":["post-24097","page","type-page","status-publish","hentry"],"acf":[],"yoast_head":"<!-- This site is optimized with the Yoast SEO plugin v27.4 - https:\/\/yoast.com\/product\/yoast-seo-wordpress\/ -->\n<title>FUSO \u2013 V\u00e9hicules en Stock<\/title>\n<meta name=\"description\" content=\"D\u00e9couvrez les v\u00e9hicules FUSO Canter en stock \u00e0 des conditions attractives : disponibles imm\u00e9diatement, polyvalents et b\u00e9n\u00e9ficiant pour certains d&#039;une garantie de 5 ans. Consultez l&#039;offre d\u00e8s maintenant.\" \/>\n<meta name=\"robots\" content=\"index, follow, max-snippet:-1, max-image-preview:large, max-video-preview:-1\" \/>\n<link rel=\"canonical\" href=\"https:\/\/www.fuso-trucks.ch\/fr\/services\/vehicules-en-stock\/\" \/>\n<meta property=\"og:locale\" content=\"fr_FR\" \/>\n<meta property=\"og:type\" content=\"article\" \/>\n<meta property=\"og:title\" content=\"FUSO \u2013 V\u00e9hicules en Stock\" \/>\n<meta property=\"og:description\" content=\"D\u00e9couvrez les v\u00e9hicules FUSO Canter en stock \u00e0 des conditions attractives : disponibles imm\u00e9diatement, polyvalents et b\u00e9n\u00e9ficiant pour certains d&#039;une garantie de 5 ans. Consultez l&#039;offre d\u00e8s maintenant.\" \/>\n<meta property=\"og:url\" content=\"https:\/\/www.fuso-trucks.ch\/fr\/services\/vehicules-en-stock\/\" \/>\n<meta property=\"og:site_name\" content=\"FUSO Trucks CH\" \/>\n<meta property=\"article:modified_time\" content=\"2026-03-05T12:31:51+00:00\" \/>\n<meta name=\"twitter:card\" content=\"summary_large_image\" \/>\n<meta name=\"twitter:label1\" content=\"Est. reading time\" \/>\n\t<meta name=\"twitter:data1\" content=\"1 minute\" \/>\n<script type=\"application\/ld+json\" class=\"yoast-schema-graph\">{\"@context\":\"https:\\\/\\\/schema.org\",\"@graph\":[{\"@type\":\"WebPage\",\"@id\":\"https:\\\/\\\/www.fuso-trucks.ch\\\/fr\\\/services\\\/vehicules-en-stock\\\/\",\"url\":\"https:\\\/\\\/www.fuso-trucks.ch\\\/fr\\\/services\\\/vehicules-en-stock\\\/\",\"name\":\"FUSO \u2013 V\u00e9hicules en Stock\",\"isPartOf\":{\"@id\":\"https:\\\/\\\/www.fuso-trucks.ch\\\/fr\\\/#website\"},\"datePublished\":\"2026-03-05T11:37:25+00:00\",\"dateModified\":\"2026-03-05T12:31:51+00:00\",\"description\":\"D\u00e9couvrez les v\u00e9hicules FUSO Canter en stock \u00e0 des conditions attractives : disponibles imm\u00e9diatement, polyvalents et b\u00e9n\u00e9ficiant pour certains d'une garantie de 5 ans. Consultez l'offre d\u00e8s maintenant.\",\"breadcrumb\":{\"@id\":\"https:\\\/\\\/www.fuso-trucks.ch\\\/fr\\\/services\\\/vehicules-en-stock\\\/#breadcrumb\"},\"inLanguage\":\"fr-CH\",\"potentialAction\":[{\"@type\":\"ReadAction\",\"target\":[\"https:\\\/\\\/www.fuso-trucks.ch\\\/fr\\\/services\\\/vehicules-en-stock\\\/\"]}]},{\"@type\":\"BreadcrumbList\",\"@id\":\"https:\\\/\\\/www.fuso-trucks.ch\\\/fr\\\/services\\\/vehicules-en-stock\\\/#breadcrumb\",\"itemListElement\":[{\"@type\":\"ListItem\",\"position\":1,\"name\":\"Home\",\"item\":\"https:\\\/\\\/www.fuso-trucks.ch\\\/fr\\\/\"},{\"@type\":\"ListItem\",\"position\":2,\"name\":\"SERVICES\",\"item\":\"https:\\\/\\\/www.fuso-trucks.ch\\\/fr\\\/services\\\/\"},{\"@type\":\"ListItem\",\"position\":3,\"name\":\"V\u00c9HICULES EN STOCK\"}]},{\"@type\":\"WebSite\",\"@id\":\"https:\\\/\\\/www.fuso-trucks.ch\\\/fr\\\/#website\",\"url\":\"https:\\\/\\\/www.fuso-trucks.ch\\\/fr\\\/\",\"name\":\"FUSO Trucks CH\",\"description\":\"\",\"potentialAction\":[{\"@type\":\"SearchAction\",\"target\":{\"@type\":\"EntryPoint\",\"urlTemplate\":\"https:\\\/\\\/www.fuso-trucks.ch\\\/fr\\\/?s={search_term_string}\"},\"query-input\":{\"@type\":\"PropertyValueSpecification\",\"valueRequired\":true,\"valueName\":\"search_term_string\"}}],\"inLanguage\":\"fr-CH\"}]}<\/script>\n<!-- \/ Yoast SEO plugin. -->","yoast_head_json":{"title":"FUSO \u2013 V\u00e9hicules en Stock","description":"D\u00e9couvrez les v\u00e9hicules FUSO Canter en stock \u00e0 des conditions attractives : disponibles imm\u00e9diatement, polyvalents et b\u00e9n\u00e9ficiant pour certains d'une garantie de 5 ans. Consultez l'offre d\u00e8s maintenant.","robots":{"index":"index","follow":"follow","max-snippet":"max-snippet:-1","max-image-preview":"max-image-preview:large","max-video-preview":"max-video-preview:-1"},"canonical":"https:\/\/www.fuso-trucks.ch\/fr\/services\/vehicules-en-stock\/","og_locale":"fr_FR","og_type":"article","og_title":"FUSO \u2013 V\u00e9hicules en Stock","og_description":"D\u00e9couvrez les v\u00e9hicules FUSO Canter en stock \u00e0 des conditions attractives : disponibles imm\u00e9diatement, polyvalents et b\u00e9n\u00e9ficiant pour certains d'une garantie de 5 ans. Consultez l'offre d\u00e8s maintenant.","og_url":"https:\/\/www.fuso-trucks.ch\/fr\/services\/vehicules-en-stock\/","og_site_name":"FUSO Trucks CH","article_modified_time":"2026-03-05T12:31:51+00:00","twitter_card":"summary_large_image","twitter_misc":{"Est. reading time":"1 minute"},"schema":{"@context":"https:\/\/schema.org","@graph":[{"@type":"WebPage","@id":"https:\/\/www.fuso-trucks.ch\/fr\/services\/vehicules-en-stock\/","url":"https:\/\/www.fuso-trucks.ch\/fr\/services\/vehicules-en-stock\/","name":"FUSO \u2013 V\u00e9hicules en Stock","isPartOf":{"@id":"https:\/\/www.fuso-trucks.ch\/fr\/#website"},"datePublished":"2026-03-05T11:37:25+00:00","dateModified":"2026-03-05T12:31:51+00:00","description":"D\u00e9couvrez les v\u00e9hicules FUSO Canter en stock \u00e0 des conditions attractives : disponibles imm\u00e9diatement, polyvalents et b\u00e9n\u00e9ficiant pour certains d'une garantie de 5 ans. Consultez l'offre d\u00e8s maintenant.","breadcrumb":{"@id":"https:\/\/www.fuso-trucks.ch\/fr\/services\/vehicules-en-stock\/#breadcrumb"},"inLanguage":"fr-CH","potentialAction":[{"@type":"ReadAction","target":["https:\/\/www.fuso-trucks.ch\/fr\/services\/vehicules-en-stock\/"]}]},{"@type":"BreadcrumbList","@id":"https:\/\/www.fuso-trucks.ch\/fr\/services\/vehicules-en-stock\/#breadcrumb","itemListElement":[{"@type":"ListItem","position":1,"name":"Home","item":"https:\/\/www.fuso-trucks.ch\/fr\/"},{"@type":"ListItem","position":2,"name":"SERVICES","item":"https:\/\/www.fuso-trucks.ch\/fr\/services\/"},{"@type":"ListItem","position":3,"name":"V\u00c9HICULES EN STOCK"}]},{"@type":"WebSite","@id":"https:\/\/www.fuso-trucks.ch\/fr\/#website","url":"https:\/\/www.fuso-trucks.ch\/fr\/","name":"FUSO Trucks CH","description":"","potentialAction":[{"@type":"SearchAction","target":{"@type":"EntryPoint","urlTemplate":"https:\/\/www.fuso-trucks.ch\/fr\/?s={search_term_string}"},"query-input":{"@type":"PropertyValueSpecification","valueRequired":true,"valueName":"search_term_string"}}],"inLanguage":"fr-CH"}]}},"_links":{"self":[{"href":"https:\/\/www.fuso-trucks.ch\/fr\/wp-json\/wp\/v2\/pages\/24097","targetHints":{"allow":["GET"]}}],"collection":[{"href":"https:\/\/www.fuso-trucks.ch\/fr\/wp-json\/wp\/v2\/pages"}],"about":[{"href":"https:\/\/www.fuso-trucks.ch\/fr\/wp-json\/wp\/v2\/types\/page"}],"author":[{"embeddable":true,"href":"https:\/\/www.fuso-trucks.ch\/fr\/wp-json\/wp\/v2\/users\/41"}],"replies":[{"embeddable":true,"href":"https:\/\/www.fuso-trucks.ch\/fr\/wp-json\/wp\/v2\/comments?post=24097"}],"version-history":[{"count":6,"href":"https:\/\/www.fuso-trucks.ch\/fr\/wp-json\/wp\/v2\/pages\/24097\/revisions"}],"predecessor-version":[{"id":24108,"href":"https:\/\/www.fuso-trucks.ch\/fr\/wp-json\/wp\/v2\/pages\/24097\/revisions\/24108"}],"up":[{"embeddable":true,"href":"https:\/\/www.fuso-trucks.ch\/fr\/wp-json\/wp\/v2\/pages\/21137"}],"wp:attachment":[{"href":"https:\/\/www.fuso-trucks.ch\/fr\/wp-json\/wp\/v2\/media?parent=24097"}],"curies":[{"name":"wp","href":"https:\/\/api.w.org\/{rel}","templated":true}]}}