{"id":22591,"date":"2023-03-06T16:08:26","date_gmt":"2023-03-06T15:08:26","guid":{"rendered":"https:\/\/www.fuso-trucks.ch\/services\/garantie-de-3-ans\/"},"modified":"2023-05-26T09:00:12","modified_gmt":"2023-05-26T07:00:12","slug":"garantie","status":"publish","type":"page","link":"https:\/\/www.fuso-trucks.ch\/fr\/services\/garantie\/","title":{"rendered":"5 ans de Garantie"},"content":{"rendered":"<div class=\"wpb-content-wrapper\"><p>[vc_row][vc_column]\n                <div class=\"fusoeurope-text-image wpb_content_element  item--image--left \" >\n                    <div class=\"item item--image\">\n                        <img decoding=\"async\" class=\"layout-cover\" src=\"https:\/\/www.fuso-trucks.ch\/wp-content\/uploads\/sites\/7\/2022\/09\/hero_dienst_versicherung-1400x934.jpg\" alt=\"\" \/>\n                    <\/div>\n                    <div class=\"item item--text wpb_text_column\">\n                        <h2>5 ANS DE GARANTIE.<\/h2>\n<p>Depuis 60 ans, le FUSO Canter est synonyme de design raffin\u00e9 jusque dans les moindres d\u00e9tails et de qualit\u00e9 exceptionnelle. C\u2019est pourquoi vous b\u00e9n\u00e9ficiez de 5 ans de garantie sur le FUSO Canter.<\/p>\n<p>Garantie de cinq ans d\u2019une seule source sur le ch\u00e2ssis, la transmission et les composants part usine jusqu\u2019\u00e0 150 000 km \u00e9tendue \u00e0 la carrosserie !\u00a0*<\/p>\n<p>&nbsp;<\/p>\n<p><sub>* Le contrat entre en vigueur \u00e0 la date qui y est mentionn\u00e9e et expire \u00e0 l\u2019\u00e9ch\u00e9ance de la dur\u00e9e d\u00e9finie ou \u00e0 concurrence du kilom\u00e9trage maximal d\u00e9fini, selon le premier seuil atteint. Pour tous les Canter de 3,5 \u00e0 8,55 tonnes avec moteur \u00e0 combustion, nous vous offrons une garantie v\u00e9hicule neuf de cinq ans ou jusqu\u2019\u00e0 un kilom\u00e9trage total de 150 000 kilom\u00e8tres sur le ch\u00e2ssis, la cha\u00eene cin\u00e9matique et les composants livr\u00e9s d\u00e9part-usine.<\/sub><\/p>\n\n                    <\/div>\n                <\/div>[\/vc_column][\/vc_row][vc_row][vc_column]\n    <div class=\"wpb_content_element tiles fusoeurope-tiles\" ><div class=\"wpb_text_column\">\n            <ul class=\"tiles__list no_slick flex-2\">\n                <li class=\"wpb_content_element  bg--grey tiles__list__element\" ><div class=\"tiles__list__element__image\"><a href=\"https:\/\/www.fuso-trucks.ch\/fr\/services\/financement\/\"><img decoding=\"async\" class=\"layout-cover\" src=\"https:\/\/www.fuso-trucks.ch\/wp-content\/uploads\/sites\/7\/2022\/08\/dienst_leasing.jpg\" alt=\"\" \/><\/a><\/div><div class=\"tiles__list__element__text wpb_text_column\"><h3 class=\"tiles__list__element__subtitle\">FINANCEMENT.<\/h3><div class=\"tiles__list__element__description\"><p>Avec Raiffeisen Leasing, vous financez votre nouveau camion sans immobiliser vos propres fonds. Vous pr\u00e9servez vos liquidit\u00e9s, restez financi\u00e8rement flexible et technologiquement \u00e0 la pointe du progr\u00e8s. Avec le leasing, vous n\u2019achetez pas votre camion, mais vous payez un taux de leasing convenu de mani\u00e8re fixe, tout comme pour un loyer.<\/p>\n<\/div>\n                <div class=\"tiles__list__element__link-container\">\n                    <a href=\"https:\/\/www.fuso-trucks.ch\/fr\/services\/financement\/\" class=\"tiles__list__element__link\">EN SAVOIR PLUS<\/a>\n                <\/div><\/div><\/li><li class=\"wpb_content_element  bg--grey tiles__list__element\" ><div class=\"tiles__list__element__image\"><a href=\"https:\/\/www.fuso-trucks.ch\/fr\/produits\/canter\/\"><img decoding=\"async\" class=\"layout-cover\" src=\"https:\/\/www.fuso-trucks.ch\/wp-content\/uploads\/sites\/7\/2023\/03\/Garten_Landschaftsbau-1400x933.jpg\" alt=\"\" \/><\/a><\/div><div class=\"tiles__list__element__text wpb_text_column\"><h3 class=\"tiles__list__element__subtitle\">SODIE CANTER DIVERSIT\u00c9 DES VARIANTES.<br \/>\nPR\u00caT \u00c0 RELEVER TOUS LES D\u00c9FIS.<\/h3><div class=\"tiles__list__element__description\"><p>Cinq cat\u00e9gories de poids, trois variantes de cabine, trois moteurs, six empattements, de nombreuses solutions de carrossage d\u00e9part usine, une bo\u00eete de vitesses manuelle ou automatique DUONIC\u00ae 2.0 au choix, une transmission int\u00e9grale enclenchable sur le 4\u00d74 et bien d&#8217;autres choses encore &#8211; le Canter a quelque chose \u00e0 offrir.<\/p>\n<\/div>\n                <div class=\"tiles__list__element__link-container\">\n                    <a href=\"https:\/\/www.fuso-trucks.ch\/fr\/produits\/canter\/\" class=\"tiles__list__element__link\">EN SAVOIR PLUS<\/a>\n                <\/div><\/div><\/li>\n            <\/ul>\n        <\/div>\n    <\/div>\n[\/vc_column][\/vc_row]<\/p>\n<\/div>","protected":false},"excerpt":{"rendered":"<\/p>\n","protected":false},"author":41,"featured_media":0,"parent":21137,"menu_order":0,"comment_status":"closed","ping_status":"closed","template":"templates\/template-default-hero.php","meta":{"_acf_changed":false,"footnotes":""},"class_list":["post-22591","page","type-page","status-publish","hentry"],"acf":[],"yoast_head":"<!-- This site is optimized with the Yoast SEO plugin v27.3 - https:\/\/yoast.com\/product\/yoast-seo-wordpress\/ -->\n<title>5 ans de Garantie - FUSO Trucks CH<\/title>\n<meta name=\"robots\" content=\"index, follow, max-snippet:-1, max-image-preview:large, max-video-preview:-1\" \/>\n<link rel=\"canonical\" href=\"https:\/\/www.fuso-trucks.ch\/fr\/services\/garantie\/\" \/>\n<meta property=\"og:locale\" content=\"fr_FR\" \/>\n<meta property=\"og:type\" content=\"article\" \/>\n<meta property=\"og:title\" content=\"5 ans de Garantie - FUSO Trucks CH\" \/>\n<meta property=\"og:url\" content=\"https:\/\/www.fuso-trucks.ch\/fr\/services\/garantie\/\" \/>\n<meta property=\"og:site_name\" content=\"FUSO Trucks CH\" \/>\n<meta property=\"article:modified_time\" content=\"2023-05-26T07:00:12+00:00\" \/>\n<meta name=\"twitter:card\" content=\"summary_large_image\" \/>\n<meta name=\"twitter:label1\" content=\"Est. reading time\" \/>\n\t<meta name=\"twitter:data1\" content=\"2 minutes\" \/>\n<script type=\"application\/ld+json\" class=\"yoast-schema-graph\">{\"@context\":\"https:\\\/\\\/schema.org\",\"@graph\":[{\"@type\":\"WebPage\",\"@id\":\"https:\\\/\\\/www.fuso-trucks.ch\\\/fr\\\/services\\\/garantie\\\/\",\"url\":\"https:\\\/\\\/www.fuso-trucks.ch\\\/fr\\\/services\\\/garantie\\\/\",\"name\":\"5 ans de Garantie - FUSO Trucks CH\",\"isPartOf\":{\"@id\":\"https:\\\/\\\/www.fuso-trucks.ch\\\/fr\\\/#website\"},\"datePublished\":\"2023-03-06T15:08:26+00:00\",\"dateModified\":\"2023-05-26T07:00:12+00:00\",\"breadcrumb\":{\"@id\":\"https:\\\/\\\/www.fuso-trucks.ch\\\/fr\\\/services\\\/garantie\\\/#breadcrumb\"},\"inLanguage\":\"fr-CH\",\"potentialAction\":[{\"@type\":\"ReadAction\",\"target\":[\"https:\\\/\\\/www.fuso-trucks.ch\\\/fr\\\/services\\\/garantie\\\/\"]}]},{\"@type\":\"BreadcrumbList\",\"@id\":\"https:\\\/\\\/www.fuso-trucks.ch\\\/fr\\\/services\\\/garantie\\\/#breadcrumb\",\"itemListElement\":[{\"@type\":\"ListItem\",\"position\":1,\"name\":\"Home\",\"item\":\"https:\\\/\\\/www.fuso-trucks.ch\\\/fr\\\/\"},{\"@type\":\"ListItem\",\"position\":2,\"name\":\"SERVICES\",\"item\":\"https:\\\/\\\/www.fuso-trucks.ch\\\/fr\\\/services\\\/\"},{\"@type\":\"ListItem\",\"position\":3,\"name\":\"5 ans de Garantie\"}]},{\"@type\":\"WebSite\",\"@id\":\"https:\\\/\\\/www.fuso-trucks.ch\\\/fr\\\/#website\",\"url\":\"https:\\\/\\\/www.fuso-trucks.ch\\\/fr\\\/\",\"name\":\"FUSO Trucks CH\",\"description\":\"\",\"potentialAction\":[{\"@type\":\"SearchAction\",\"target\":{\"@type\":\"EntryPoint\",\"urlTemplate\":\"https:\\\/\\\/www.fuso-trucks.ch\\\/fr\\\/?s={search_term_string}\"},\"query-input\":{\"@type\":\"PropertyValueSpecification\",\"valueRequired\":true,\"valueName\":\"search_term_string\"}}],\"inLanguage\":\"fr-CH\"}]}<\/script>\n<!-- \/ Yoast SEO plugin. -->","yoast_head_json":{"title":"5 ans de Garantie - FUSO Trucks CH","robots":{"index":"index","follow":"follow","max-snippet":"max-snippet:-1","max-image-preview":"max-image-preview:large","max-video-preview":"max-video-preview:-1"},"canonical":"https:\/\/www.fuso-trucks.ch\/fr\/services\/garantie\/","og_locale":"fr_FR","og_type":"article","og_title":"5 ans de Garantie - FUSO Trucks CH","og_url":"https:\/\/www.fuso-trucks.ch\/fr\/services\/garantie\/","og_site_name":"FUSO Trucks CH","article_modified_time":"2023-05-26T07:00:12+00:00","twitter_card":"summary_large_image","twitter_misc":{"Est. reading time":"2 minutes"},"schema":{"@context":"https:\/\/schema.org","@graph":[{"@type":"WebPage","@id":"https:\/\/www.fuso-trucks.ch\/fr\/services\/garantie\/","url":"https:\/\/www.fuso-trucks.ch\/fr\/services\/garantie\/","name":"5 ans de Garantie - FUSO Trucks CH","isPartOf":{"@id":"https:\/\/www.fuso-trucks.ch\/fr\/#website"},"datePublished":"2023-03-06T15:08:26+00:00","dateModified":"2023-05-26T07:00:12+00:00","breadcrumb":{"@id":"https:\/\/www.fuso-trucks.ch\/fr\/services\/garantie\/#breadcrumb"},"inLanguage":"fr-CH","potentialAction":[{"@type":"ReadAction","target":["https:\/\/www.fuso-trucks.ch\/fr\/services\/garantie\/"]}]},{"@type":"BreadcrumbList","@id":"https:\/\/www.fuso-trucks.ch\/fr\/services\/garantie\/#breadcrumb","itemListElement":[{"@type":"ListItem","position":1,"name":"Home","item":"https:\/\/www.fuso-trucks.ch\/fr\/"},{"@type":"ListItem","position":2,"name":"SERVICES","item":"https:\/\/www.fuso-trucks.ch\/fr\/services\/"},{"@type":"ListItem","position":3,"name":"5 ans de Garantie"}]},{"@type":"WebSite","@id":"https:\/\/www.fuso-trucks.ch\/fr\/#website","url":"https:\/\/www.fuso-trucks.ch\/fr\/","name":"FUSO Trucks CH","description":"","potentialAction":[{"@type":"SearchAction","target":{"@type":"EntryPoint","urlTemplate":"https:\/\/www.fuso-trucks.ch\/fr\/?s={search_term_string}"},"query-input":{"@type":"PropertyValueSpecification","valueRequired":true,"valueName":"search_term_string"}}],"inLanguage":"fr-CH"}]}},"_links":{"self":[{"href":"https:\/\/www.fuso-trucks.ch\/fr\/wp-json\/wp\/v2\/pages\/22591","targetHints":{"allow":["GET"]}}],"collection":[{"href":"https:\/\/www.fuso-trucks.ch\/fr\/wp-json\/wp\/v2\/pages"}],"about":[{"href":"https:\/\/www.fuso-trucks.ch\/fr\/wp-json\/wp\/v2\/types\/page"}],"author":[{"embeddable":true,"href":"https:\/\/www.fuso-trucks.ch\/fr\/wp-json\/wp\/v2\/users\/41"}],"replies":[{"embeddable":true,"href":"https:\/\/www.fuso-trucks.ch\/fr\/wp-json\/wp\/v2\/comments?post=22591"}],"version-history":[{"count":11,"href":"https:\/\/www.fuso-trucks.ch\/fr\/wp-json\/wp\/v2\/pages\/22591\/revisions"}],"predecessor-version":[{"id":22760,"href":"https:\/\/www.fuso-trucks.ch\/fr\/wp-json\/wp\/v2\/pages\/22591\/revisions\/22760"}],"up":[{"embeddable":true,"href":"https:\/\/www.fuso-trucks.ch\/fr\/wp-json\/wp\/v2\/pages\/21137"}],"wp:attachment":[{"href":"https:\/\/www.fuso-trucks.ch\/fr\/wp-json\/wp\/v2\/media?parent=22591"}],"curies":[{"name":"wp","href":"https:\/\/api.w.org\/{rel}","templated":true}]}}