{"id":22087,"date":"2022-11-09T14:50:45","date_gmt":"2022-11-09T13:50:45","guid":{"rendered":"https:\/\/www.fuso-trucks.ch\/?page_id=22087&#038;preview_id=22087"},"modified":"2023-05-17T16:46:09","modified_gmt":"2023-05-17T14:46:09","slug":"financement","status":"publish","type":"page","link":"https:\/\/www.fuso-trucks.ch\/fr\/services\/financement\/","title":{"rendered":"Financement &amp; Leasing"},"content":{"rendered":"<div class=\"wpb-content-wrapper\"><p>[vc_row][vc_column][vc_column_text el_class=&#8221;bigger centered&#8221;]<\/p>\n<h2>RESTER FLEXIBLE AVEC RAIFFEISEN LEASING.<\/h2>\n<p style=\"text-align: left\">Avec Raiffeisen Leasing, vous financez votre nouveau camion sans immobiliser vos propres fonds. Vous pr\u00e9servez vos liquidit\u00e9s, restez financi\u00e8rement flexible et technologiquement \u00e0 la pointe du progr\u00e8s. Avec le leasing, vous n\u2019achetez pas votre camion, mais vous payez un taux de leasing convenu de mani\u00e8re fixe, tout comme pour un loyer. Raiffeisen Leasing (soci\u00e9t\u00e9 octroyant le leasing) acquiert et finance le camion, puis le met \u00e0 la disposition de l\u2019entreprise (preneur de leasing) moyennant un taux de leasing pour son exploitation pendant une dur\u00e9e d\u00e9finie.<\/p>\n<p>[\/vc_column_text][\/vc_column][\/vc_row][vc_row][vc_column]\n                <div class=\"fusoeurope-text-image wpb_content_element  item--image--right \" >\n                    <div class=\"item item--image\">\n                        <img decoding=\"async\" class=\"layout-none\" src=\"https:\/\/www.fuso-trucks.ch\/wp-content\/uploads\/sites\/7\/2022\/08\/dienst_ls_leasing-klassisch.png\" alt=\"\" \/>\n                    <\/div>\n                    <div class=\"item item--text wpb_text_column\">\n                        <h2>VOICI VOS AVANTAGES<\/h2>\n<p><strong>FLEXIBILIT\u00c9 ENTREPRENEURIALE<\/strong><br \/>\nLe leasing a un impact beaucoup plus faible sur votre tr\u00e9sorerie qu\u2019un achat. Les taux de leasing sont factur\u00e9s sur une p\u00e9riode assez longue; cela vous donne une plus grande marge de man\u0153uvre financi\u00e8re pour d\u2019autres projets.<\/p>\n<p><strong>AVANTAGES CONCURRENTIELS GR\u00c2CE \u00c0 LA TECHNOLOGIE LA PLUS AVANC\u00c9E<\/strong><br \/>\nB\u00e9n\u00e9ficiez d\u2019avantages concurrentiels en vous procurant de nouveaux \u00e9quipements et technologies au moment voulu sans utiliser vos fonds propres.<\/p>\n<p><strong>CO\u00dbTS TRANSPARENTS DU LEASING<\/strong><br \/>\nLes taux de leasing sont pr\u00e9alablement fix\u00e9s pour toute la dur\u00e9e du contrat. Il n\u2019existe aucun risque de change ou de fluctuation des taux apr\u00e8s l\u2019activation du contrat. Cela vous permet de planifier avec pr\u00e9cision les co\u00fbts de vos investissements.<\/p>\n<p><strong>SOLUTION DE FINANCEMENT SUR MESURE<\/strong><br \/>\nVous choisissez l\u2019objet et le fournisseur, et vous d\u00e9terminez la dur\u00e9e du contrat. Nous pouvons \u00e9galement adapter les taux de leasing \u00e0 vos besoins individuels.<\/p>\n\n                    <\/div>\n                <\/div>[\/vc_column][\/vc_row][vc_row][vc_column][vc_column_text]<\/p>\n<h2>CINQ CONSEILS POUR R\u00c9USSIR VOTRE LEASING.<\/h2>\n<p>Utilis\u00e9 \u00e0 bon escient, le leasing peut \u00eatre un facteur important de r\u00e9ussite. D\u00e9couvrez ici les points auxquels il faut faire attention. Ne soyez pas aveugl\u00e9 par les taux de leasing les plus bas![\/vc_column_text]\n    <div class=\"wpb_content_element fusoeurope-collapsible\" >\n        <div class=\"fusoeurope-collapsible__content\">\n            [vc_column_text]<!--Abstand--><\/p>\n<ol>\n<li><strong>ETABLISSEZ UN PLAN D\u2019INVESTISSEMENT HOLISTIQUE<\/strong><br \/>\nAyez une vue d\u2019ensemble de vos besoins d\u2019investissement sur les 12 \u00e0 15 prochains mois. Le plan d\u2019investissement devrait \u00eatre r\u00e9guli\u00e8rement mis \u00e0 jour. Assurez-vous qu\u2019il contient toutes les acquisitions pr\u00e9vues, ainsi que d\u2019autres acquisitions \u00e9ventuellement n\u00e9cessaires. On oublie rarement de mentionner les machines ou \u00e9quipements importants, mais n\u00e9glige parfois les v\u00e9hicules professionnels suppl\u00e9mentaires, les nouveaux serveurs, les logiciels ou la maintenance associ\u00e9e.<\/li>\n<li><strong>MISEZ SUR UN MIX DE FINANCEMENT SAIN<\/strong><br \/>\nPrenez les d\u00e9cisions en mati\u00e8re de financement en tenant compte de vos besoins d\u2019investissement globaux. Veillez \u00e0 un mix de financement sain: quels objets se pr\u00eatent au leasing, que vaut-il mieux financer par un cr\u00e9dit, et que dois-je payer avec mes fonds propres? Assurez-vous de disposer de suffisamment de liquidit\u00e9s pour tout investissement ult\u00e9rieur, ou en cas d\u2019impr\u00e9vu.<\/li>\n<li><strong>EFFECTUEZ UN CALCUL DES CO\u00dbTS TOTAUX<\/strong><br \/>\nNe soyez pas aveugl\u00e9 par l\u2019offre proposant les taux de leasing les plus bas. Seul un calcul des co\u00fbts totaux, qui comprend non seulement la somme de tous les taux de leasing, mais \u00e9galement les frais de traitement et de cl\u00f4ture ainsi que la valeur r\u00e9siduelle \u00e0 la fin de la dur\u00e9e du contrat, permet une comparaison pertinente de diff\u00e9rentes offres de leasing.<\/li>\n<li><strong>ADAPTEZ LES TAUX DE LEASING \u00c0 VOTRE CASH-FLOW<\/strong><br \/>\nAnalysez vos cash-flows: quand pr\u00e9voyez-vous quelles rentr\u00e9es? Adaptez les taux de leasing au rythme des activit\u00e9s quotidiennes, \u00e0 votre business plan ou \u00e0 l\u2019avancement d\u2019un projet. Un taux de leasing, plut\u00f4t qu\u2019un investissement important, peut cr\u00e9er une marge de man\u0153uvre financi\u00e8re appr\u00e9ciable.<\/li>\n<li><strong>CONCLUEZ UN CONTRAT-CADRE<\/strong><br \/>\nUn contrat-cadre, qui comprend tous les objets de leasing, permet d\u2019optimiser les co\u00fbts, car la soci\u00e9t\u00e9 de leasing fixe les conditions en fonction du volume d\u2019affaires total. En outre, cela r\u00e9duit votre charge administrative.<\/li>\n<\/ol>\n<p>[\/vc_column_text]\n        <\/div>\n        <div class=\"fusoeurope-collapsible__button\">\n            <button type=\"button\">\n                <span class=\"fusoeurope-collapsible__button__more\">\n                    <span>PLUS D'ANNONCES<\/span>\n                    <i class=\"icon-chevron-down\"><\/i>\n                <\/span>\n                <span class=\"fusoeurope-collapsible__button__less\">\n                    <span>AFFICHER MOINS<\/span>\n                    <i class=\"icon-chevron-up\"><\/i>\n                <\/span>\n            <\/button>\n        <\/div>\n    <\/div>\n[\/vc_column][\/vc_row]<\/p>\n<\/div>","protected":false},"excerpt":{"rendered":"<\/p>\n","protected":false},"author":48,"featured_media":0,"parent":21137,"menu_order":0,"comment_status":"closed","ping_status":"closed","template":"templates\/template-default-hero.php","meta":{"_acf_changed":false,"footnotes":""},"class_list":["post-22087","page","type-page","status-publish","hentry"],"acf":[],"yoast_head":"<!-- This site is optimized with the Yoast SEO plugin v27.4 - https:\/\/yoast.com\/product\/yoast-seo-wordpress\/ -->\n<title>Financement &amp; Leasing - FUSO Trucks CH<\/title>\n<meta name=\"description\" content=\"RESTER FLEXIBLE AVEC RAIFFEISEN LEASING. Avec Raiffeisen Leasing, vous financez votre nouveau camion sans immobiliser vos propres fonds. Vous pr\u00e9servez vos liquidit\u00e9s, restez financi\u00e8rement flexible et technologiquement \u00e0 la pointe du progr\u00e8s. Avec le leasing, vous n\u2019achetez pas votre camion, mais vous payez un taux de leasing convenu de mani\u00e8re fixe, tout comme pour un loyer. Raiffeisen Leasing (soci\u00e9t\u00e9 octroyant le leasing) acquiert et finance le camion, puis le met \u00e0 la disposition de l\u2019entreprise (preneur de leasing) moyennant un taux de leasing pour son exploitation pendant une dur\u00e9e d\u00e9finie.  CINQ CONSEILS POUR R\u00c9USSIR VOTRE LEASING. Utilis\u00e9 \u00e0 bon escient, le leasing peut \u00eatre un facteur important de r\u00e9ussite. D\u00e9couvrez ici les points auxquels il faut faire attention. Ne soyez pas aveugl\u00e9 par les taux de leasing les plus bas!\" \/>\n<meta name=\"robots\" content=\"index, follow, max-snippet:-1, max-image-preview:large, max-video-preview:-1\" \/>\n<link rel=\"canonical\" href=\"https:\/\/www.fuso-trucks.ch\/fr\/services\/financement\/\" \/>\n<meta property=\"og:locale\" content=\"fr_FR\" \/>\n<meta property=\"og:type\" content=\"article\" \/>\n<meta property=\"og:title\" content=\"Financement &amp; Leasing - FUSO Trucks CH\" \/>\n<meta property=\"og:description\" content=\"RESTER FLEXIBLE AVEC RAIFFEISEN LEASING. Avec Raiffeisen Leasing, vous financez votre nouveau camion sans immobiliser vos propres fonds. Vous pr\u00e9servez vos liquidit\u00e9s, restez financi\u00e8rement flexible et technologiquement \u00e0 la pointe du progr\u00e8s. Avec le leasing, vous n\u2019achetez pas votre camion, mais vous payez un taux de leasing convenu de mani\u00e8re fixe, tout comme pour un loyer. Raiffeisen Leasing (soci\u00e9t\u00e9 octroyant le leasing) acquiert et finance le camion, puis le met \u00e0 la disposition de l\u2019entreprise (preneur de leasing) moyennant un taux de leasing pour son exploitation pendant une dur\u00e9e d\u00e9finie.  CINQ CONSEILS POUR R\u00c9USSIR VOTRE LEASING. Utilis\u00e9 \u00e0 bon escient, le leasing peut \u00eatre un facteur important de r\u00e9ussite. D\u00e9couvrez ici les points auxquels il faut faire attention. Ne soyez pas aveugl\u00e9 par les taux de leasing les plus bas!\" \/>\n<meta property=\"og:url\" content=\"https:\/\/www.fuso-trucks.ch\/fr\/services\/financement\/\" \/>\n<meta property=\"og:site_name\" content=\"FUSO Trucks CH\" \/>\n<meta property=\"article:modified_time\" content=\"2023-05-17T14:46:09+00:00\" \/>\n<meta name=\"twitter:card\" content=\"summary_large_image\" \/>\n<meta name=\"twitter:label1\" content=\"Est. reading time\" \/>\n\t<meta name=\"twitter:data1\" content=\"4 minutes\" \/>\n<script type=\"application\/ld+json\" class=\"yoast-schema-graph\">{\"@context\":\"https:\\\/\\\/schema.org\",\"@graph\":[{\"@type\":\"WebPage\",\"@id\":\"https:\\\/\\\/www.fuso-trucks.ch\\\/fr\\\/services\\\/financement\\\/\",\"url\":\"https:\\\/\\\/www.fuso-trucks.ch\\\/fr\\\/services\\\/financement\\\/\",\"name\":\"Financement &amp; Leasing - FUSO Trucks CH\",\"isPartOf\":{\"@id\":\"https:\\\/\\\/www.fuso-trucks.ch\\\/fr\\\/#website\"},\"datePublished\":\"2022-11-09T13:50:45+00:00\",\"dateModified\":\"2023-05-17T14:46:09+00:00\",\"description\":\"RESTER FLEXIBLE AVEC RAIFFEISEN LEASING. Avec Raiffeisen Leasing, vous financez votre nouveau camion sans immobiliser vos propres fonds. Vous pr\u00e9servez vos liquidit\u00e9s, restez financi\u00e8rement flexible et technologiquement \u00e0 la pointe du progr\u00e8s. Avec le leasing, vous n\u2019achetez pas votre camion, mais vous payez un taux de leasing convenu de mani\u00e8re fixe, tout comme pour un loyer. Raiffeisen Leasing (soci\u00e9t\u00e9 octroyant le leasing) acquiert et finance le camion, puis le met \u00e0 la disposition de l\u2019entreprise (preneur de leasing) moyennant un taux de leasing pour son exploitation pendant une dur\u00e9e d\u00e9finie. CINQ CONSEILS POUR R\u00c9USSIR VOTRE LEASING. Utilis\u00e9 \u00e0 bon escient, le leasing peut \u00eatre un facteur important de r\u00e9ussite. D\u00e9couvrez ici les points auxquels il faut faire attention. Ne soyez pas aveugl\u00e9 par les taux de leasing les plus bas!\",\"breadcrumb\":{\"@id\":\"https:\\\/\\\/www.fuso-trucks.ch\\\/fr\\\/services\\\/financement\\\/#breadcrumb\"},\"inLanguage\":\"fr-CH\",\"potentialAction\":[{\"@type\":\"ReadAction\",\"target\":[\"https:\\\/\\\/www.fuso-trucks.ch\\\/fr\\\/services\\\/financement\\\/\"]}]},{\"@type\":\"BreadcrumbList\",\"@id\":\"https:\\\/\\\/www.fuso-trucks.ch\\\/fr\\\/services\\\/financement\\\/#breadcrumb\",\"itemListElement\":[{\"@type\":\"ListItem\",\"position\":1,\"name\":\"Home\",\"item\":\"https:\\\/\\\/www.fuso-trucks.ch\\\/fr\\\/\"},{\"@type\":\"ListItem\",\"position\":2,\"name\":\"SERVICES\",\"item\":\"https:\\\/\\\/www.fuso-trucks.ch\\\/fr\\\/services\\\/\"},{\"@type\":\"ListItem\",\"position\":3,\"name\":\"Financement &amp; Leasing\"}]},{\"@type\":\"WebSite\",\"@id\":\"https:\\\/\\\/www.fuso-trucks.ch\\\/fr\\\/#website\",\"url\":\"https:\\\/\\\/www.fuso-trucks.ch\\\/fr\\\/\",\"name\":\"FUSO Trucks CH\",\"description\":\"\",\"potentialAction\":[{\"@type\":\"SearchAction\",\"target\":{\"@type\":\"EntryPoint\",\"urlTemplate\":\"https:\\\/\\\/www.fuso-trucks.ch\\\/fr\\\/?s={search_term_string}\"},\"query-input\":{\"@type\":\"PropertyValueSpecification\",\"valueRequired\":true,\"valueName\":\"search_term_string\"}}],\"inLanguage\":\"fr-CH\"}]}<\/script>\n<!-- \/ Yoast SEO plugin. -->","yoast_head_json":{"title":"Financement &amp; Leasing - FUSO Trucks CH","description":"RESTER FLEXIBLE AVEC RAIFFEISEN LEASING. Avec Raiffeisen Leasing, vous financez votre nouveau camion sans immobiliser vos propres fonds. Vous pr\u00e9servez vos liquidit\u00e9s, restez financi\u00e8rement flexible et technologiquement \u00e0 la pointe du progr\u00e8s. Avec le leasing, vous n\u2019achetez pas votre camion, mais vous payez un taux de leasing convenu de mani\u00e8re fixe, tout comme pour un loyer. Raiffeisen Leasing (soci\u00e9t\u00e9 octroyant le leasing) acquiert et finance le camion, puis le met \u00e0 la disposition de l\u2019entreprise (preneur de leasing) moyennant un taux de leasing pour son exploitation pendant une dur\u00e9e d\u00e9finie.  CINQ CONSEILS POUR R\u00c9USSIR VOTRE LEASING. Utilis\u00e9 \u00e0 bon escient, le leasing peut \u00eatre un facteur important de r\u00e9ussite. D\u00e9couvrez ici les points auxquels il faut faire attention. Ne soyez pas aveugl\u00e9 par les taux de leasing les plus bas!","robots":{"index":"index","follow":"follow","max-snippet":"max-snippet:-1","max-image-preview":"max-image-preview:large","max-video-preview":"max-video-preview:-1"},"canonical":"https:\/\/www.fuso-trucks.ch\/fr\/services\/financement\/","og_locale":"fr_FR","og_type":"article","og_title":"Financement &amp; Leasing - FUSO Trucks CH","og_description":"RESTER FLEXIBLE AVEC RAIFFEISEN LEASING. Avec Raiffeisen Leasing, vous financez votre nouveau camion sans immobiliser vos propres fonds. Vous pr\u00e9servez vos liquidit\u00e9s, restez financi\u00e8rement flexible et technologiquement \u00e0 la pointe du progr\u00e8s. Avec le leasing, vous n\u2019achetez pas votre camion, mais vous payez un taux de leasing convenu de mani\u00e8re fixe, tout comme pour un loyer. Raiffeisen Leasing (soci\u00e9t\u00e9 octroyant le leasing) acquiert et finance le camion, puis le met \u00e0 la disposition de l\u2019entreprise (preneur de leasing) moyennant un taux de leasing pour son exploitation pendant une dur\u00e9e d\u00e9finie.  CINQ CONSEILS POUR R\u00c9USSIR VOTRE LEASING. Utilis\u00e9 \u00e0 bon escient, le leasing peut \u00eatre un facteur important de r\u00e9ussite. D\u00e9couvrez ici les points auxquels il faut faire attention. Ne soyez pas aveugl\u00e9 par les taux de leasing les plus bas!","og_url":"https:\/\/www.fuso-trucks.ch\/fr\/services\/financement\/","og_site_name":"FUSO Trucks CH","article_modified_time":"2023-05-17T14:46:09+00:00","twitter_card":"summary_large_image","twitter_misc":{"Est. reading time":"4 minutes"},"schema":{"@context":"https:\/\/schema.org","@graph":[{"@type":"WebPage","@id":"https:\/\/www.fuso-trucks.ch\/fr\/services\/financement\/","url":"https:\/\/www.fuso-trucks.ch\/fr\/services\/financement\/","name":"Financement &amp; Leasing - FUSO Trucks CH","isPartOf":{"@id":"https:\/\/www.fuso-trucks.ch\/fr\/#website"},"datePublished":"2022-11-09T13:50:45+00:00","dateModified":"2023-05-17T14:46:09+00:00","description":"RESTER FLEXIBLE AVEC RAIFFEISEN LEASING. Avec Raiffeisen Leasing, vous financez votre nouveau camion sans immobiliser vos propres fonds. Vous pr\u00e9servez vos liquidit\u00e9s, restez financi\u00e8rement flexible et technologiquement \u00e0 la pointe du progr\u00e8s. Avec le leasing, vous n\u2019achetez pas votre camion, mais vous payez un taux de leasing convenu de mani\u00e8re fixe, tout comme pour un loyer. Raiffeisen Leasing (soci\u00e9t\u00e9 octroyant le leasing) acquiert et finance le camion, puis le met \u00e0 la disposition de l\u2019entreprise (preneur de leasing) moyennant un taux de leasing pour son exploitation pendant une dur\u00e9e d\u00e9finie. CINQ CONSEILS POUR R\u00c9USSIR VOTRE LEASING. Utilis\u00e9 \u00e0 bon escient, le leasing peut \u00eatre un facteur important de r\u00e9ussite. D\u00e9couvrez ici les points auxquels il faut faire attention. Ne soyez pas aveugl\u00e9 par les taux de leasing les plus bas!","breadcrumb":{"@id":"https:\/\/www.fuso-trucks.ch\/fr\/services\/financement\/#breadcrumb"},"inLanguage":"fr-CH","potentialAction":[{"@type":"ReadAction","target":["https:\/\/www.fuso-trucks.ch\/fr\/services\/financement\/"]}]},{"@type":"BreadcrumbList","@id":"https:\/\/www.fuso-trucks.ch\/fr\/services\/financement\/#breadcrumb","itemListElement":[{"@type":"ListItem","position":1,"name":"Home","item":"https:\/\/www.fuso-trucks.ch\/fr\/"},{"@type":"ListItem","position":2,"name":"SERVICES","item":"https:\/\/www.fuso-trucks.ch\/fr\/services\/"},{"@type":"ListItem","position":3,"name":"Financement &amp; Leasing"}]},{"@type":"WebSite","@id":"https:\/\/www.fuso-trucks.ch\/fr\/#website","url":"https:\/\/www.fuso-trucks.ch\/fr\/","name":"FUSO Trucks CH","description":"","potentialAction":[{"@type":"SearchAction","target":{"@type":"EntryPoint","urlTemplate":"https:\/\/www.fuso-trucks.ch\/fr\/?s={search_term_string}"},"query-input":{"@type":"PropertyValueSpecification","valueRequired":true,"valueName":"search_term_string"}}],"inLanguage":"fr-CH"}]}},"_links":{"self":[{"href":"https:\/\/www.fuso-trucks.ch\/fr\/wp-json\/wp\/v2\/pages\/22087","targetHints":{"allow":["GET"]}}],"collection":[{"href":"https:\/\/www.fuso-trucks.ch\/fr\/wp-json\/wp\/v2\/pages"}],"about":[{"href":"https:\/\/www.fuso-trucks.ch\/fr\/wp-json\/wp\/v2\/types\/page"}],"author":[{"embeddable":true,"href":"https:\/\/www.fuso-trucks.ch\/fr\/wp-json\/wp\/v2\/users\/48"}],"replies":[{"embeddable":true,"href":"https:\/\/www.fuso-trucks.ch\/fr\/wp-json\/wp\/v2\/comments?post=22087"}],"version-history":[{"count":11,"href":"https:\/\/www.fuso-trucks.ch\/fr\/wp-json\/wp\/v2\/pages\/22087\/revisions"}],"predecessor-version":[{"id":22735,"href":"https:\/\/www.fuso-trucks.ch\/fr\/wp-json\/wp\/v2\/pages\/22087\/revisions\/22735"}],"up":[{"embeddable":true,"href":"https:\/\/www.fuso-trucks.ch\/fr\/wp-json\/wp\/v2\/pages\/21137"}],"wp:attachment":[{"href":"https:\/\/www.fuso-trucks.ch\/fr\/wp-json\/wp\/v2\/media?parent=22087"}],"curies":[{"name":"wp","href":"https:\/\/api.w.org\/{rel}","templated":true}]}}