{"id":21734,"date":"2022-10-28T09:55:44","date_gmt":"2022-10-28T07:55:44","guid":{"rendered":"https:\/\/ch.fuso-trucks.de\/cookies\/"},"modified":"2022-12-19T16:17:54","modified_gmt":"2022-12-19T15:17:54","slug":"cookies","status":"publish","type":"page","link":"https:\/\/www.fuso-trucks.ch\/fr\/cookies\/","title":{"rendered":"Cookies"},"content":{"rendered":"<div class=\"wpb-content-wrapper\"><p>[vc_row][vc_column][vc_column_text]<\/p>\n<h2>COOKIES.<\/h2>\n<p>[\/vc_column_text][\/vc_column][\/vc_row][vc_row][vc_column]\n                <div class=\"fusoeurope-text-image wpb_content_element  item--image--top \" >\n                    <div class=\"item item--text wpb_text_column\">\n                        <h3>REMARQUES SUR L&#8217;UTILISATION DE COOKIES ET L&#8217;EXPLOITATION DES DONN\u00c9ES D&#8217;UTILISATION.<\/h3>\n<p>Nous utilisons des cookies pour conna\u00eetre vos pr\u00e9f\u00e9rences et les sections particuli\u00e8rement appr\u00e9ci\u00e9es de nos pages Internet, dans le but d&#8217;am\u00e9liorer la conception de ces pages et de les rendre encore plus conviviales.<\/p>\n<p>&nbsp;<\/p>\n<h3>1. FONCTIONS ET UTILISATION DES COOKIES<\/h3>\n<p>a. Les cookies sont des petits fichiers qui sont d\u00e9pos\u00e9s sur votre PC, votre ordinateur ou tout autre appareil portable par une page Internet que vous visitez. Ils nous permettent par ex. de voir s&#8217;il y a d\u00e9j\u00e0 eu une connexion entre votre appareil et nos sites Internet ou la lange ou les autres r\u00e9glages que vous pr\u00e9f\u00e9rez. Les cookies peuvent \u00e9galement contenir des donn\u00e9es personnelles.<\/p>\n<p>b. Lorsque vous utilisez nos sites web, vous autorisez l&#8217;utilisation de cookies.<\/p>\n<p>Vous pouvez \u00e9galement visiter nos sites web sans autoriser l&#8217;utilisation de cookies.<\/p>\n<p>Autrement dit, vous pouvez refuser l&#8217;utilisation de cookies et les effacer \u00e0 tout moment en effectuant les r\u00e9glages ad\u00e9quats sur votre terminal. Proc\u00e9dez comme suit :<\/p>\n<p>i. La plupart des navigateurs sont pr\u00e9r\u00e9gl\u00e9s de mani\u00e8re \u00e0 accepter automatiquement les cookies. Modifiez ce pr\u00e9r\u00e9glage en activant le r\u00e9glage* \u00ab Bloquer les cookies et les donn\u00e9es de sites tiers \u00bb.<\/p>\n<p>ii. Vous pouvez effacer \u00e0 tout moment les cookies existants. Pour plus de d\u00e9tails sur ce point, veuillez consulter la notice d\u2019utilisation de votre navigateur ou du fabricant de vos terminaux.<\/p>\n<p>iii. Comme leur utilisation, le refus ou la suppression des cookies sur l&#8217;appareil utilis\u00e9 varie suivant les navigateurs. Vous devez donc effectuer cette proc\u00e9dure de refus ou d&#8217;acceptation sur chaque terminall utilis\u00e9 et, si vous utilisez plusieurs navigateurs, sur chaque navigateur.<\/p>\n<p>c. Si vous d\u00e9cidez de refuser que des cookies soient utilis\u00e9s, il est possible que vous ne puissiez pas utiliser toutes les fonctions nos sites web ou que des fonctions ne soient qu&#8217;en partie disponibles.<\/p>\n<p>d. Nous subdivisons les cookies dans les cat\u00e9gories suivantes :<br \/>\ni. Cookies absolument n\u00e9cessaires (type 1)<br \/>\nCes cookies sont absolument n\u00e9cessaires au fonctionnement des sites web. Sans ces cookies, nous ne pouvons pas proposer certains services comme p. ex. le configurateur de v\u00e9hicule.<\/p>\n<p>ii. Cookies de fonctionnement (type 2)<br \/>\nCes cookies simplifient la commande et am\u00e9liorent les fonctions des sites web. Ainsi, nous enregistrons p. ex. vos param\u00e8tres de langue dans les cookies de fonctionnement.<\/p>\n<p>iii. Cookies de performance et d&#8217;analyse (type 3)<br \/>\nCes cookies recueillent des informations sur votre mani\u00e8re d&#8217;utiliser nos sites web. Ils nous permettent d&#8217;identifier les sections particuli\u00e8rement populaires de notre site web et donc d&#8217;am\u00e9liorer notre offre. Pour en savoir plus, veuillez lire la section \u00ab Exploitation des donn\u00e9es d&#8217;utilisation \u00bb.<\/p>\n<p>iv. Cookies sociaux (type 4)<br \/>\nCes cookies sont d\u00e9pos\u00e9s sur votre terminal par des tierces parties, p. ex. les r\u00e9seaux sociaux comme Facebook, Twitter et Google+. Vous pouvez int\u00e9grer leurs contenus via les \u00ab Plugins sociaux \u00bb propos\u00e9s sur nos sites Internet. Pour de plus amples informations sur l&#8217;utilisation et le fonctionnement des plugins sociaux, veuillez aller au paragraphe 4 de notre d\u00e9claration sur la protection des donn\u00e9es.<\/p>\n<p>&nbsp;<\/p>\n<p><a href=\"https:\/\/www.fuso-trucks.ch\/fr\/protection-des-donnees\/\" target=\"_blank\" rel=\"noopener\">Mentions relatives \u00e0 la protection des donn\u00e9es<\/a><\/p>\n\n                    <\/div>\n                <\/div>[\/vc_column][\/vc_row][vc_row][vc_column]\n    <div class=\"wpb_content_element fusoeurope-tablegroup\" >\n        <h2 class=\"fusoeurope-tablegroup__title\">NOUS UTILISONS LES COOKIES SUIVANTS SUR NOTRE SITE WEB :<\/h2>\n        <div class=\"fusoeurope-tablegroup__list\">\n        <\/div>\n    <\/div>\n\n    <div class=\"fusoeurope-table wpb_content_element\" ><table><thead><tr class=\"fusoeurope-table--header fusoeurope-table--header--desktop fusoeurope-table--header--desktop--group\"><th colspan=\"5\"><div><span><\/span><\/div><\/th><\/tr><tr class=\"fusoeurope-table--header fusoeurope-table--header--desktop\"><th><div><span>Cookie<\/span><\/div><\/th><th><div><span> Service<\/span><\/div><\/th><th><div><span> Type<\/span><\/div><\/th><th><div><span> Description<\/span><\/div><\/th><th><div><span> Dur\u00e9e<\/span><\/div><\/th><\/tr><\/thead><tbody><tr class=\"fusoeurope-table--data\"><td><div><span>__cf_bm<\/span><\/div><\/td><td><div><span>fonts.net<\/span><\/div><\/td><td><div><span>Fonctionnel<\/span><\/div><\/td><td><div><span>Ce cookie, plac\u00e9 par Cloudflare, est utilis\u00e9 pour soutenir la gestion des bots de Cloudflare.<\/span><\/div><\/td><td><div><span>30 minutes<\/span><\/div><\/td><\/tr><tr class=\"fusoeurope-table--data\"><td><div><span>wpml_browser_redirect_test<\/span><\/div><\/td><td><div><span>fuso-trucks.ch\/fr<\/span><\/div><\/td><td><div><span>Fonctionnel<\/span><\/div><\/td><td><div><span>Ce cookie est d\u00e9fini par le plug-in WordPress WPML et est utilis\u00e9 pour tester si les cookies sont activ\u00e9s dans le navigateur.<\/span><\/div><\/td><td><div><span>R\u00e9union<\/span><\/div><\/td><\/tr><tr class=\"fusoeurope-table--data\"><td><div><span>VISITOR_INFO1_LIVE<\/span><\/div><\/td><td><div><span>youtube.com<\/span><\/div><\/td><td><div><span>Marketing<\/span><\/div><\/td><td><div><span>Un cookie plac\u00e9 par YouTube pour mesurer la bande passante qui d\u00e9termine si l'utilisateur re\u00e7oit la nouvelle ou l'ancienne interface du lecteur.<\/span><\/div><\/td><td><div><span>179 jours<\/span><\/div><\/td><\/tr><tr class=\"fusoeurope-table--data\"><td><div><span>YSC<\/span><\/div><\/td><td><div><span>youtube.com<\/span><\/div><\/td><td><div><span>Marketing<\/span><\/div><\/td><td><div><span>Le cookie YSC est plac\u00e9 par Youtube et sert \u00e0 suivre les consultations de vid\u00e9os int\u00e9gr\u00e9es sur les pages Youtube.<\/span><\/div><\/td><td><div><span>Fin de la session<\/span><\/div><\/td><\/tr><tr class=\"fusoeurope-table--data\"><td><div><span>CONSENT<\/span><\/div><\/td><td><div><span>youtube.com<\/span><\/div><\/td><td><div><span>Analytics<\/span><\/div><\/td><td><div><span>Youtube place ce cookie via des vid\u00e9os Youtube int\u00e9gr\u00e9es et enregistre des donn\u00e9es statistiques anonymes.<\/span><\/div><\/td><td><div><span>2 ans<\/span><\/div><\/td><\/tr><tr class=\"fusoeurope-table--data\"><td><div><span>_icl_visitor_lang_js<\/span><\/div><\/td><td><div><span>fuso-trucks.ch\/fr<\/span><\/div><\/td><td><div><span>Fonctionnel<\/span><\/div><\/td><td><div><span>Ce cookie est plac\u00e9 par le plugin WordPress de WPML et sert \u00e0 tester si les cookies sont activ\u00e9s dans le navigateur.<\/span><\/div><\/td><td><div><span>365 ans<\/span><\/div><\/td><\/tr><tr class=\"fusoeurope-table--data\"><td><div><span>wordpress_test_cookie<\/span><\/div><\/td><td><div><span>fuso-trucks.ch\/fr<\/span><\/div><\/td><td><div><span>Functional<\/span><\/div><\/td><td><div><span>Ce cookie est plac\u00e9 par le plugin WordPress de WPML et sert \u00e0 tester si les cookies sont activ\u00e9s dans le navigateur.<\/span><\/div><\/td><td><div><span>Fin de la session<\/span><\/div><\/td><\/tr><tr class=\"fusoeurope-table--data\"><td><div><span>wpml_browser_redirect_test<\/span><\/div><\/td><td><div><span>fuso-trucks.ch\/fr<\/span><\/div><\/td><td><div><span>Fonctionnel<\/span><\/div><\/td><td><div><span>Ce cookie est enregistr\u00e9 par le plug-in WPML-WordPress. Le but du cookie est de m\u00e9moriser la langue transmise.<\/span><\/div><\/td><td><div><span>Fin de la session<\/span><\/div><\/td><\/tr><tr class=\"fusoeurope-table--data\"><td><div><span>fu_cookie_close<\/span><\/div><\/td><td><div><span><\/span><\/div><\/td><td><div><span>Fonctionnel<\/span><\/div><\/td><td><div><span>Indique que vous acceptez l'utilisation de cookies sur nos pages. Il est activ\u00e9 lorsque vous fermez la couche d'information. Si ce cookie est pr\u00e9sent, la couche d'information ne sera plus affich\u00e9e pendant 30 jours.<\/span><\/div><\/td><td><div><span>30 jours<\/span><\/div><\/td><\/tr><tr class=\"fusoeurope-table--data\"><td><div><span>_GRECAPTCHA<\/span><\/div><\/td><td><div><span>google.com<\/span><\/div><\/td><td><div><span>Fonctionnel<\/span><\/div><\/td><td><div><span>reCAPTCHA place un cookie n\u00e9cessaire (_GRECAPTCHA) qui est utilis\u00e9 \u00e0 des fins d'analyse de risque.<\/span><\/div><\/td><td><div><span>6 mois<\/span><\/div><\/td><\/tr><tr class=\"fusoeurope-table--data\"><td><div><span>_gcl_au<\/span><\/div><\/td><td><div><span>fuso-trucks.ch\/fr<\/span><\/div><\/td><td><div><span>Marketing<\/span><\/div><\/td><td><div><span>Utilis\u00e9 par Google AdSense pour ajuster l'efficacit\u00e9 de la publicit\u00e9 sur les sites web qui utilisent ses services. Il s'agit du cookie de premi\u00e8re partie pour la fonction ``Conversion Linker``. Il capture des informations dans les clics publicitaires et les stocke dans un cookie de premi\u00e8re partie afin que les conversions puissent \u00eatre attribu\u00e9es en dehors de la page de destination.<\/span><\/div><\/td><td><div><span>90 jours<\/span><\/div><\/td><\/tr><\/tbody><\/table>\n    <\/div>\n[\/vc_column][\/vc_row][vc_row][vc_column]\n                <div class=\"fusoeurope-text-image wpb_content_element  item--image--top \" >\n                    <div class=\"item item--text wpb_text_column\">\n                        <div class=\"text\">\n<div class=\"wb-content-grid\">\n<div class=\"wb-content-grid__row\">\n<div class=\"wb-type-copy m-text wb-col-mq1-12 wb-col-mq4-9 mbo-e-link\u2013rewrite\">\n<h3>EXPLOITATION DES DONN\u00c9ES D&#8217;UTILISATION ; UTILISATION D&#8217;OUTILS D&#8217;ANALYSEA.<\/h3>\n<p>Nous aimerions adapter les contenus de nos sites Internet le mieux possible \u00e0 vos besoins et donc am\u00e9liorer notre offre. Afin de conna\u00eetre les pr\u00e9f\u00e9rences de nos visiteurs et les sections particuli\u00e8rement populaires de nos services Internet, nous utilisons des cookies. Ceci nous permet de mieux cibler vos besoins, d\u2019adapter en cons\u00e9quence le contenu de nos pages Internet et d\u2019am\u00e9liorer notre offre.<\/p>\n<p>Pour le traitement statistique des donn\u00e9es, Daimler Truck recourt \u00e0 Matomo.<\/p>\n<p>Si vous ne souhaitez pas que Daimler Truck collecte et analyse des informations sur votre visite, vous pouvez \u00e0 tout moment vous y opposer pour l\u2019avenir (opt-out ou option de retrait).Pour permettre la r\u00e9alisation technique de cette opposition, un cookie d\u2019opt-out est install\u00e9 dans votre navigateur.<\/p>\n<p>Ce cookie sert exclusivement \u00e0 l\u2019identification de votre refus. Pour des raisons techniques, un cookie d\u2019opt-out ne peut \u00eatre utilis\u00e9 qu\u2019avec le navigateur dans lequel il a \u00e9t\u00e9 install\u00e9. Si vous supprimez les cookies ou si vous utilisez un autre navigateur ou un autre terminal, vous devrez \u00e0 nouveau activer l\u2019option de retrait (opt-out).<\/p>\n<\/div>\n<\/div>\n<\/div>\n<\/div>\n\n                    <\/div>\n                <\/div>[\/vc_column][\/vc_row]<\/p>\n<\/div>","protected":false},"excerpt":{"rendered":"<\/p>\n","protected":false},"author":44,"featured_media":0,"parent":0,"menu_order":11,"comment_status":"closed","ping_status":"closed","template":"templates\/template-default-hero.php","meta":{"_acf_changed":false,"footnotes":""},"class_list":["post-21734","page","type-page","status-publish","hentry"],"acf":[],"yoast_head":"<!-- This site is optimized with the Yoast SEO plugin v27.4 - https:\/\/yoast.com\/product\/yoast-seo-wordpress\/ -->\n<title>Cookies - FUSO Trucks CH<\/title>\n<meta name=\"description\" content=\"COOKIES.\" \/>\n<meta name=\"robots\" content=\"index, follow, max-snippet:-1, max-image-preview:large, max-video-preview:-1\" \/>\n<link rel=\"canonical\" href=\"https:\/\/www.fuso-trucks.ch\/fr\/cookies\/\" \/>\n<meta property=\"og:locale\" content=\"fr_FR\" \/>\n<meta property=\"og:type\" content=\"article\" \/>\n<meta property=\"og:title\" content=\"Cookies - FUSO Trucks CH\" \/>\n<meta property=\"og:description\" content=\"COOKIES.\" \/>\n<meta property=\"og:url\" content=\"https:\/\/www.fuso-trucks.ch\/fr\/cookies\/\" \/>\n<meta property=\"og:site_name\" content=\"FUSO Trucks CH\" \/>\n<meta property=\"article:modified_time\" content=\"2022-12-19T15:17:54+00:00\" \/>\n<meta name=\"twitter:card\" content=\"summary_large_image\" \/>\n<meta name=\"twitter:label1\" content=\"Est. reading time\" \/>\n\t<meta name=\"twitter:data1\" content=\"6 minutes\" \/>\n<script type=\"application\/ld+json\" class=\"yoast-schema-graph\">{\"@context\":\"https:\\\/\\\/schema.org\",\"@graph\":[{\"@type\":\"WebPage\",\"@id\":\"https:\\\/\\\/www.fuso-trucks.ch\\\/fr\\\/cookies\\\/\",\"url\":\"https:\\\/\\\/www.fuso-trucks.ch\\\/fr\\\/cookies\\\/\",\"name\":\"Cookies - FUSO Trucks CH\",\"isPartOf\":{\"@id\":\"https:\\\/\\\/www.fuso-trucks.ch\\\/fr\\\/#website\"},\"datePublished\":\"2022-10-28T07:55:44+00:00\",\"dateModified\":\"2022-12-19T15:17:54+00:00\",\"description\":\"COOKIES.\",\"breadcrumb\":{\"@id\":\"https:\\\/\\\/www.fuso-trucks.ch\\\/fr\\\/cookies\\\/#breadcrumb\"},\"inLanguage\":\"fr-CH\",\"potentialAction\":[{\"@type\":\"ReadAction\",\"target\":[\"https:\\\/\\\/www.fuso-trucks.ch\\\/fr\\\/cookies\\\/\"]}]},{\"@type\":\"BreadcrumbList\",\"@id\":\"https:\\\/\\\/www.fuso-trucks.ch\\\/fr\\\/cookies\\\/#breadcrumb\",\"itemListElement\":[{\"@type\":\"ListItem\",\"position\":1,\"name\":\"Home\",\"item\":\"https:\\\/\\\/www.fuso-trucks.ch\\\/fr\\\/\"},{\"@type\":\"ListItem\",\"position\":2,\"name\":\"Cookies\"}]},{\"@type\":\"WebSite\",\"@id\":\"https:\\\/\\\/www.fuso-trucks.ch\\\/fr\\\/#website\",\"url\":\"https:\\\/\\\/www.fuso-trucks.ch\\\/fr\\\/\",\"name\":\"FUSO Trucks CH\",\"description\":\"\",\"potentialAction\":[{\"@type\":\"SearchAction\",\"target\":{\"@type\":\"EntryPoint\",\"urlTemplate\":\"https:\\\/\\\/www.fuso-trucks.ch\\\/fr\\\/?s={search_term_string}\"},\"query-input\":{\"@type\":\"PropertyValueSpecification\",\"valueRequired\":true,\"valueName\":\"search_term_string\"}}],\"inLanguage\":\"fr-CH\"}]}<\/script>\n<!-- \/ Yoast SEO plugin. -->","yoast_head_json":{"title":"Cookies - FUSO Trucks CH","description":"COOKIES.","robots":{"index":"index","follow":"follow","max-snippet":"max-snippet:-1","max-image-preview":"max-image-preview:large","max-video-preview":"max-video-preview:-1"},"canonical":"https:\/\/www.fuso-trucks.ch\/fr\/cookies\/","og_locale":"fr_FR","og_type":"article","og_title":"Cookies - FUSO Trucks CH","og_description":"COOKIES.","og_url":"https:\/\/www.fuso-trucks.ch\/fr\/cookies\/","og_site_name":"FUSO Trucks CH","article_modified_time":"2022-12-19T15:17:54+00:00","twitter_card":"summary_large_image","twitter_misc":{"Est. reading time":"6 minutes"},"schema":{"@context":"https:\/\/schema.org","@graph":[{"@type":"WebPage","@id":"https:\/\/www.fuso-trucks.ch\/fr\/cookies\/","url":"https:\/\/www.fuso-trucks.ch\/fr\/cookies\/","name":"Cookies - FUSO Trucks CH","isPartOf":{"@id":"https:\/\/www.fuso-trucks.ch\/fr\/#website"},"datePublished":"2022-10-28T07:55:44+00:00","dateModified":"2022-12-19T15:17:54+00:00","description":"COOKIES.","breadcrumb":{"@id":"https:\/\/www.fuso-trucks.ch\/fr\/cookies\/#breadcrumb"},"inLanguage":"fr-CH","potentialAction":[{"@type":"ReadAction","target":["https:\/\/www.fuso-trucks.ch\/fr\/cookies\/"]}]},{"@type":"BreadcrumbList","@id":"https:\/\/www.fuso-trucks.ch\/fr\/cookies\/#breadcrumb","itemListElement":[{"@type":"ListItem","position":1,"name":"Home","item":"https:\/\/www.fuso-trucks.ch\/fr\/"},{"@type":"ListItem","position":2,"name":"Cookies"}]},{"@type":"WebSite","@id":"https:\/\/www.fuso-trucks.ch\/fr\/#website","url":"https:\/\/www.fuso-trucks.ch\/fr\/","name":"FUSO Trucks CH","description":"","potentialAction":[{"@type":"SearchAction","target":{"@type":"EntryPoint","urlTemplate":"https:\/\/www.fuso-trucks.ch\/fr\/?s={search_term_string}"},"query-input":{"@type":"PropertyValueSpecification","valueRequired":true,"valueName":"search_term_string"}}],"inLanguage":"fr-CH"}]}},"_links":{"self":[{"href":"https:\/\/www.fuso-trucks.ch\/fr\/wp-json\/wp\/v2\/pages\/21734","targetHints":{"allow":["GET"]}}],"collection":[{"href":"https:\/\/www.fuso-trucks.ch\/fr\/wp-json\/wp\/v2\/pages"}],"about":[{"href":"https:\/\/www.fuso-trucks.ch\/fr\/wp-json\/wp\/v2\/types\/page"}],"author":[{"embeddable":true,"href":"https:\/\/www.fuso-trucks.ch\/fr\/wp-json\/wp\/v2\/users\/44"}],"replies":[{"embeddable":true,"href":"https:\/\/www.fuso-trucks.ch\/fr\/wp-json\/wp\/v2\/comments?post=21734"}],"version-history":[{"count":9,"href":"https:\/\/www.fuso-trucks.ch\/fr\/wp-json\/wp\/v2\/pages\/21734\/revisions"}],"predecessor-version":[{"id":22206,"href":"https:\/\/www.fuso-trucks.ch\/fr\/wp-json\/wp\/v2\/pages\/21734\/revisions\/22206"}],"wp:attachment":[{"href":"https:\/\/www.fuso-trucks.ch\/fr\/wp-json\/wp\/v2\/media?parent=21734"}],"curies":[{"name":"wp","href":"https:\/\/api.w.org\/{rel}","templated":true}]}}